{"id":1519,"date":"2024-08-28T19:43:43","date_gmt":"2024-08-28T17:43:43","guid":{"rendered":"https:\/\/galeriamemoria.com\/?page_id=1519"},"modified":"2024-09-26T12:00:54","modified_gmt":"2024-09-26T10:00:54","slug":"vidas-en-transito-homenaje-a-roser-bru","status":"publish","type":"page","link":"https:\/\/galeriamemoria.com\/es\/vidas-en-transito-homenaje-a-roser-bru\/","title":{"rendered":"Vidas en Tr\u00e1nsito: Homenaje a Roser Bru"},"content":{"rendered":"<div class=\"wp-block-group alignfull is-style-default has-global-padding is-content-justification-center is-layout-constrained wp-block-group-is-layout-constrained\" style=\"margin-top:0;margin-bottom:0\">\n<div class=\"wp-block-group alignwide is-layout-flow wp-container-core-group-is-layout-87c5752a wp-block-group-is-layout-flow\">\n<div class=\"wp-block-jetpack-slideshow aligncenter\" data-effect=\"slide\"><div class=\"wp-block-jetpack-slideshow_container swiper-container\"><ul class=\"wp-block-jetpack-slideshow_swiper-wrapper swiper-wrapper\"><li class=\"wp-block-jetpack-slideshow_slide swiper-slide\"><figure><img data-recalc-dims=\"1\" fetchpriority=\"high\" decoding=\"async\" width=\"3840\" height=\"2160\" alt=\"\" class=\"wp-block-jetpack-slideshow_image wp-image-1106\" data-id=\"1106\" src=\"https:\/\/i0.wp.com\/galeriamemoria.com\/wp-content\/uploads\/2024\/08\/VIDAS-EN-TRANSITO_foto-portada-2.jpg?resize=3840%2C2160&#038;ssl=1\" srcset=\"https:\/\/i0.wp.com\/galeriamemoria.com\/wp-content\/uploads\/2024\/08\/VIDAS-EN-TRANSITO_foto-portada-2.jpg?w=3840&amp;ssl=1 3840w, https:\/\/i0.wp.com\/galeriamemoria.com\/wp-content\/uploads\/2024\/08\/VIDAS-EN-TRANSITO_foto-portada-2.jpg?resize=300%2C169&amp;ssl=1 300w, https:\/\/i0.wp.com\/galeriamemoria.com\/wp-content\/uploads\/2024\/08\/VIDAS-EN-TRANSITO_foto-portada-2.jpg?resize=1024%2C576&amp;ssl=1 1024w, https:\/\/i0.wp.com\/galeriamemoria.com\/wp-content\/uploads\/2024\/08\/VIDAS-EN-TRANSITO_foto-portada-2.jpg?resize=768%2C432&amp;ssl=1 768w, https:\/\/i0.wp.com\/galeriamemoria.com\/wp-content\/uploads\/2024\/08\/VIDAS-EN-TRANSITO_foto-portada-2.jpg?resize=1536%2C864&amp;ssl=1 1536w, https:\/\/i0.wp.com\/galeriamemoria.com\/wp-content\/uploads\/2024\/08\/VIDAS-EN-TRANSITO_foto-portada-2.jpg?resize=2048%2C1152&amp;ssl=1 2048w, https:\/\/i0.wp.com\/galeriamemoria.com\/wp-content\/uploads\/2024\/08\/VIDAS-EN-TRANSITO_foto-portada-2.jpg?resize=18%2C10&amp;ssl=1 18w, https:\/\/i0.wp.com\/galeriamemoria.com\/wp-content\/uploads\/2024\/08\/VIDAS-EN-TRANSITO_foto-portada-2.jpg?w=3000&amp;ssl=1 3000w\" sizes=\"(max-width: 1000px) 100vw, 1000px\" \/><\/figure><\/li><li class=\"wp-block-jetpack-slideshow_slide swiper-slide\"><figure><img data-recalc-dims=\"1\" decoding=\"async\" width=\"4032\" height=\"3024\" alt=\"\" class=\"wp-block-jetpack-slideshow_image wp-image-1102\" data-id=\"1102\" src=\"https:\/\/i0.wp.com\/galeriamemoria.com\/wp-content\/uploads\/2024\/08\/Roser-Bru-Milena-Kafka-1977.-Montaje-Vidas-en-transito-en-Galeria-Memoria.-.jpg?resize=4032%2C3024&#038;ssl=1\" srcset=\"https:\/\/i0.wp.com\/galeriamemoria.com\/wp-content\/uploads\/2024\/08\/Roser-Bru-Milena-Kafka-1977.-Montaje-Vidas-en-transito-en-Galeria-Memoria.-.jpg?w=4032&amp;ssl=1 4032w, https:\/\/i0.wp.com\/galeriamemoria.com\/wp-content\/uploads\/2024\/08\/Roser-Bru-Milena-Kafka-1977.-Montaje-Vidas-en-transito-en-Galeria-Memoria.-.jpg?resize=300%2C225&amp;ssl=1 300w, https:\/\/i0.wp.com\/galeriamemoria.com\/wp-content\/uploads\/2024\/08\/Roser-Bru-Milena-Kafka-1977.-Montaje-Vidas-en-transito-en-Galeria-Memoria.-.jpg?resize=1024%2C768&amp;ssl=1 1024w, https:\/\/i0.wp.com\/galeriamemoria.com\/wp-content\/uploads\/2024\/08\/Roser-Bru-Milena-Kafka-1977.-Montaje-Vidas-en-transito-en-Galeria-Memoria.-.jpg?resize=768%2C576&amp;ssl=1 768w, https:\/\/i0.wp.com\/galeriamemoria.com\/wp-content\/uploads\/2024\/08\/Roser-Bru-Milena-Kafka-1977.-Montaje-Vidas-en-transito-en-Galeria-Memoria.-.jpg?resize=1536%2C1152&amp;ssl=1 1536w, https:\/\/i0.wp.com\/galeriamemoria.com\/wp-content\/uploads\/2024\/08\/Roser-Bru-Milena-Kafka-1977.-Montaje-Vidas-en-transito-en-Galeria-Memoria.-.jpg?resize=2048%2C1536&amp;ssl=1 2048w, https:\/\/i0.wp.com\/galeriamemoria.com\/wp-content\/uploads\/2024\/08\/Roser-Bru-Milena-Kafka-1977.-Montaje-Vidas-en-transito-en-Galeria-Memoria.-.jpg?resize=16%2C12&amp;ssl=1 16w, https:\/\/i0.wp.com\/galeriamemoria.com\/wp-content\/uploads\/2024\/08\/Roser-Bru-Milena-Kafka-1977.-Montaje-Vidas-en-transito-en-Galeria-Memoria.-.jpg?w=3000&amp;ssl=1 3000w\" sizes=\"(max-width: 1000px) 100vw, 1000px\" \/><\/figure><\/li><li class=\"wp-block-jetpack-slideshow_slide swiper-slide\"><figure><img data-recalc-dims=\"1\" decoding=\"async\" width=\"4032\" height=\"3024\" alt=\"\" class=\"wp-block-jetpack-slideshow_image wp-image-1101\" data-id=\"1101\" src=\"https:\/\/i0.wp.com\/galeriamemoria.com\/wp-content\/uploads\/2024\/08\/Montaje-Vidas-en-transito-en-Galeria-Memoria.-Serie-Made-in-spain-junto-a-lbro-ilustrado-de-Martin-Fierro.-.jpg?resize=4032%2C3024&#038;ssl=1\" srcset=\"https:\/\/i0.wp.com\/galeriamemoria.com\/wp-content\/uploads\/2024\/08\/Montaje-Vidas-en-transito-en-Galeria-Memoria.-Serie-Made-in-spain-junto-a-lbro-ilustrado-de-Martin-Fierro.-.jpg?w=4032&amp;ssl=1 4032w, https:\/\/i0.wp.com\/galeriamemoria.com\/wp-content\/uploads\/2024\/08\/Montaje-Vidas-en-transito-en-Galeria-Memoria.-Serie-Made-in-spain-junto-a-lbro-ilustrado-de-Martin-Fierro.-.jpg?resize=300%2C225&amp;ssl=1 300w, https:\/\/i0.wp.com\/galeriamemoria.com\/wp-content\/uploads\/2024\/08\/Montaje-Vidas-en-transito-en-Galeria-Memoria.-Serie-Made-in-spain-junto-a-lbro-ilustrado-de-Martin-Fierro.-.jpg?resize=1024%2C768&amp;ssl=1 1024w, https:\/\/i0.wp.com\/galeriamemoria.com\/wp-content\/uploads\/2024\/08\/Montaje-Vidas-en-transito-en-Galeria-Memoria.-Serie-Made-in-spain-junto-a-lbro-ilustrado-de-Martin-Fierro.-.jpg?resize=768%2C576&amp;ssl=1 768w, https:\/\/i0.wp.com\/galeriamemoria.com\/wp-content\/uploads\/2024\/08\/Montaje-Vidas-en-transito-en-Galeria-Memoria.-Serie-Made-in-spain-junto-a-lbro-ilustrado-de-Martin-Fierro.-.jpg?resize=1536%2C1152&amp;ssl=1 1536w, https:\/\/i0.wp.com\/galeriamemoria.com\/wp-content\/uploads\/2024\/08\/Montaje-Vidas-en-transito-en-Galeria-Memoria.-Serie-Made-in-spain-junto-a-lbro-ilustrado-de-Martin-Fierro.-.jpg?resize=2048%2C1536&amp;ssl=1 2048w, https:\/\/i0.wp.com\/galeriamemoria.com\/wp-content\/uploads\/2024\/08\/Montaje-Vidas-en-transito-en-Galeria-Memoria.-Serie-Made-in-spain-junto-a-lbro-ilustrado-de-Martin-Fierro.-.jpg?resize=16%2C12&amp;ssl=1 16w, https:\/\/i0.wp.com\/galeriamemoria.com\/wp-content\/uploads\/2024\/08\/Montaje-Vidas-en-transito-en-Galeria-Memoria.-Serie-Made-in-spain-junto-a-lbro-ilustrado-de-Martin-Fierro.-.jpg?w=3000&amp;ssl=1 3000w\" sizes=\"(max-width: 1000px) 100vw, 1000px\" \/><\/figure><\/li><li class=\"wp-block-jetpack-slideshow_slide swiper-slide\"><figure><img data-recalc-dims=\"1\" loading=\"lazy\" decoding=\"async\" width=\"3840\" height=\"2160\" alt=\"\" class=\"wp-block-jetpack-slideshow_image wp-image-1520\" data-id=\"1520\" src=\"https:\/\/i0.wp.com\/galeriamemoria.com\/wp-content\/uploads\/2024\/08\/5EFA434E-D3C6-4355-B416-C79F8987BF65.jpg?resize=3840%2C2160&#038;ssl=1\" srcset=\"https:\/\/i0.wp.com\/galeriamemoria.com\/wp-content\/uploads\/2024\/08\/5EFA434E-D3C6-4355-B416-C79F8987BF65.jpg?w=3840&amp;ssl=1 3840w, https:\/\/i0.wp.com\/galeriamemoria.com\/wp-content\/uploads\/2024\/08\/5EFA434E-D3C6-4355-B416-C79F8987BF65.jpg?resize=300%2C169&amp;ssl=1 300w, https:\/\/i0.wp.com\/galeriamemoria.com\/wp-content\/uploads\/2024\/08\/5EFA434E-D3C6-4355-B416-C79F8987BF65.jpg?resize=1024%2C576&amp;ssl=1 1024w, https:\/\/i0.wp.com\/galeriamemoria.com\/wp-content\/uploads\/2024\/08\/5EFA434E-D3C6-4355-B416-C79F8987BF65.jpg?resize=768%2C432&amp;ssl=1 768w, https:\/\/i0.wp.com\/galeriamemoria.com\/wp-content\/uploads\/2024\/08\/5EFA434E-D3C6-4355-B416-C79F8987BF65.jpg?resize=1536%2C864&amp;ssl=1 1536w, https:\/\/i0.wp.com\/galeriamemoria.com\/wp-content\/uploads\/2024\/08\/5EFA434E-D3C6-4355-B416-C79F8987BF65.jpg?resize=2048%2C1152&amp;ssl=1 2048w, https:\/\/i0.wp.com\/galeriamemoria.com\/wp-content\/uploads\/2024\/08\/5EFA434E-D3C6-4355-B416-C79F8987BF65.jpg?resize=18%2C10&amp;ssl=1 18w, https:\/\/i0.wp.com\/galeriamemoria.com\/wp-content\/uploads\/2024\/08\/5EFA434E-D3C6-4355-B416-C79F8987BF65.jpg?w=3000&amp;ssl=1 3000w\" sizes=\"(max-width: 1000px) 100vw, 1000px\" \/><\/figure><\/li><li class=\"wp-block-jetpack-slideshow_slide swiper-slide\"><figure><img data-recalc-dims=\"1\" loading=\"lazy\" decoding=\"async\" width=\"4032\" height=\"3024\" alt=\"\" class=\"wp-block-jetpack-slideshow_image wp-image-1522\" data-id=\"1522\" src=\"https:\/\/i0.wp.com\/galeriamemoria.com\/wp-content\/uploads\/2024\/08\/IMG_4627-2.jpg?resize=4032%2C3024&#038;ssl=1\" srcset=\"https:\/\/i0.wp.com\/galeriamemoria.com\/wp-content\/uploads\/2024\/08\/IMG_4627-2.jpg?w=4032&amp;ssl=1 4032w, https:\/\/i0.wp.com\/galeriamemoria.com\/wp-content\/uploads\/2024\/08\/IMG_4627-2.jpg?resize=300%2C225&amp;ssl=1 300w, https:\/\/i0.wp.com\/galeriamemoria.com\/wp-content\/uploads\/2024\/08\/IMG_4627-2.jpg?resize=1024%2C768&amp;ssl=1 1024w, https:\/\/i0.wp.com\/galeriamemoria.com\/wp-content\/uploads\/2024\/08\/IMG_4627-2.jpg?resize=768%2C576&amp;ssl=1 768w, https:\/\/i0.wp.com\/galeriamemoria.com\/wp-content\/uploads\/2024\/08\/IMG_4627-2.jpg?resize=1536%2C1152&amp;ssl=1 1536w, https:\/\/i0.wp.com\/galeriamemoria.com\/wp-content\/uploads\/2024\/08\/IMG_4627-2.jpg?resize=2048%2C1536&amp;ssl=1 2048w, https:\/\/i0.wp.com\/galeriamemoria.com\/wp-content\/uploads\/2024\/08\/IMG_4627-2.jpg?resize=16%2C12&amp;ssl=1 16w, https:\/\/i0.wp.com\/galeriamemoria.com\/wp-content\/uploads\/2024\/08\/IMG_4627-2.jpg?w=3000&amp;ssl=1 3000w\" sizes=\"(max-width: 1000px) 100vw, 1000px\" \/><\/figure><\/li><\/ul><a class=\"wp-block-jetpack-slideshow_button-prev swiper-button-prev swiper-button-white\" role=\"button\"><\/a><a class=\"wp-block-jetpack-slideshow_button-next swiper-button-next swiper-button-white\" role=\"button\"><\/a><a aria-label=\"Pause Slideshow\" class=\"wp-block-jetpack-slideshow_button-pause\" role=\"button\"><\/a><div class=\"wp-block-jetpack-slideshow_pagination swiper-pagination swiper-pagination-white\"><\/div><\/div><\/div>\n\n\n\n<div class=\"wp-block-columns is-layout-flex wp-container-core-columns-is-layout-a17b4639 wp-block-columns-is-layout-flex\" style=\"margin-top:0;margin-bottom:0\">\n<div class=\"wp-block-column is-layout-flow wp-block-column-is-layout-flow\" style=\"flex-basis:100%\">\n<h2 class=\"wp-block-heading alignwide has-x-large-font-size\"><em><strong>Vidas en Tr\u00e1nsito: Homenaje a Roser Bru <\/strong><\/em><\/h2>\n\n\n\n<p class=\"has-text-color has-link-color has-medium-font-size wp-elements-5cfeb9717f8b22a7e43e5d550caa7f05 wp-block-paragraph\" style=\"color:#1f1f1fc2\"><strong><a href=\"https:\/\/galeriamemoria.com\/es\/artists\/roser-bru\/\" data-type=\"page\" data-id=\"1096\">Roser Bru<\/a> |<a href=\"https:\/\/galeriamemoria.com\/es\/artists\/marta-palau\/\" data-type=\"page\" data-id=\"1196\"> Marta Palau<\/a> | Gracia Barrios <\/strong><\/p>\n\n\n\n<div class=\"wp-block-columns is-layout-flex wp-container-core-columns-is-layout-3b811c60 wp-block-columns-is-layout-flex\">\n<div class=\"wp-block-column is-vertically-aligned-center is-layout-flow wp-block-column-is-layout-flow\" style=\"flex-basis:25%\">\n<div class=\"wp-block-group has-global-padding is-layout-constrained wp-block-group-is-layout-constrained\">\n<div class=\"wp-block-group has-global-padding is-content-justification-left is-layout-constrained wp-container-core-group-is-layout-99f3e915 wp-block-group-is-layout-constrained\">\n<div class=\"wp-block-group alignwide has-global-padding is-layout-constrained wp-block-group-is-layout-constrained\">\n<div class=\"wp-block-group has-global-padding is-layout-constrained wp-block-group-is-layout-constrained\">\n<p class=\"wp-block-paragraph\"><strong>MEMORIA (Centro)<\/strong><br>26.02.2022 &#8211; 07.05.2022<\/p>\n<\/div>\n<\/div>\n<\/div>\n<\/div>\n<\/div>\n\n\n\n<div class=\"wp-block-column is-layout-flow wp-block-column-is-layout-flow\" style=\"flex-basis:50%\">\n<div class=\"wp-block-buttons is-content-justification-right is-layout-flex wp-container-core-buttons-is-layout-20c4a405 wp-block-buttons-is-layout-flex\"><\/div>\n<\/div>\n<\/div>\n<\/div>\n<\/div>\n\n\n\n<p class=\"has-text-align-justify wp-block-paragraph\">La exposici\u00f3n <em>Vidas en Tr\u00e1nsito,<\/em>, en MEMORIA, es un homenaje a la artista hispano-chilena Roser Bru (1923-2021), fallecida el pasado 26 de mayo en Santiago, Chile. Bru, que arribara a Valparaiso (Chile) en el barco Winnipeg fletado por Pablo Neruda en 1939, nos sumerge en un viaje biogr\u00e1fico a trav\u00e9s de su obra \u00edntima sobre papel. Se trata de la primera exposici\u00f3n individual, desde 1976, dedicada a la creadora de origen catal\u00e1n en la capital de Espa\u00f1a.<br><br>El gui\u00f3n expositivo plasma de forma po\u00e9tica la evocaci\u00f3n de la vida y de la muerte; su condici\u00f3n de mujer, la de madre y artista que caracterizan el conjunto de su obra, reflejado a trav\u00e9s de una veintena de creaciones y documentos, comprendidos entre 1963 y 1995, procedentes de Colecci\u00f3n Memoria. Entre las series presentadas encontramos <em>Made in Spain<\/em> exhibida en la nueva colecci\u00f3n permanente de la cuarta planta del Museo Reina Sof\u00eda.<br><br>Tambi\u00e9n, algunas de sus obras en papel m\u00e1s ic\u00f3nicas inspiradas en personajes de las letras y las artes del Siglo XX como: Kafka, Milena Jerenska, el <em>Soldado ca\u00eddo de Capa, Ana Frank, Jos\u00e9 Hern\u00e1ndez, Frida Kahlo o Vel\u00e1zquez. Igualmente, la muestra presenta las<\/em> by Capa, Anne Frank, Jos\u00e9 Hern\u00e1ndez, Frida Kahlo or Velazquez. Likewise, the exhibition presents the <em>Diez Odas<\/em> (1965) del poeta chileno y Premio Nobel, Pablo Neruda, y los versos novelescos <em>El Gaucho Martin Fierro<\/em> El Gaucho Martin Fierro (1968) del argentino Jos\u00e9 Hern\u00e1ndez, ambos ilustrados y puntos fundamentales dentro de la obra gr\u00e1fica de la artista. La muestra termina rindiendo tributo a Bru, con cinco obras de otras dos artistas que compartieron el tr\u00e1nsito del exilio y sus or\u00edgenes, se trata de sus compa\u00f1eras Marta Palau (Barcelona, 1934-2022) y Gracia Barrios (Santiago, 1927-2020). La primera con sus <em>Sellos de la Espa\u00f1a Sellada<\/em> (1975), <em>Homenaje a L\u00e1zaro C\u00e1rdenas<\/em> (1981) y un tapiz de 1966, mientras que la segunda se hace presente con una obra mural sobre seda de gran carga hist\u00f3rica, <em>Rostros<\/em> (1973). En este espacio, las tres artistas vuelven a compartir escenario tras la gran exposici\u00f3n organizada por el Hammer Museum de Los \u00c1ngeles en 2017-18, titulada <em>Radical Women; Latin American Art 1960-1985<\/em>.<\/p>\n\n\n\n<p class=\"has-text-align-justify wp-block-paragraph\"><\/p>\n<\/div>\n\n\n\n<div style=\"height:0px\" aria-hidden=\"true\" class=\"wp-block-spacer\"><\/div>\n<\/div>\n\n\n\n<h3 class=\"wp-block-heading alignwide has-medium-font-size\"><strong>SELECCI\u00d3N DE OBRAS<\/strong><\/h3>\n\n\n\n<div class=\"wp-block-jetpack-tiled-gallery alignwide is-style-square\"><div class=\"\"><div class=\"tiled-gallery__gallery\"><div class=\"tiled-gallery__row columns-4\"><div class=\"tiled-gallery__col\"><figure class=\"tiled-gallery__item\"><img decoding=\"async\" data-attachment-id=\"1099\" data-permalink=\"https:\/\/galeriamemoria.com\/es\/captura-de-pantalla-2024-01-01-a-las-17-50-05\/\" data-orig-file=\"https:\/\/i0.wp.com\/galeriamemoria.com\/wp-content\/uploads\/2024\/08\/Captura-de-pantalla-2024-01-01-a-las-17.50.05.png?fit=702%2C860&amp;ssl=1\" data-orig-size=\"702,860\" data-comments-opened=\"0\" data-image-meta=\"{&quot;aperture&quot;:&quot;0&quot;,&quot;credit&quot;:&quot;&quot;,&quot;camera&quot;:&quot;&quot;,&quot;caption&quot;:&quot;&quot;,&quot;created_timestamp&quot;:&quot;0&quot;,&quot;copyright&quot;:&quot;&quot;,&quot;focal_length&quot;:&quot;0&quot;,&quot;iso&quot;:&quot;0&quot;,&quot;shutter_speed&quot;:&quot;0&quot;,&quot;title&quot;:&quot;&quot;,&quot;orientation&quot;:&quot;0&quot;}\" data-image-title=\"Roser Bru. &amp;#8220;Frida &amp;#8211; Te esperar\u00e9 un poco m\u00e1s&amp;#8221;, 1979\" data-image-description=\"\" data-image-caption=\"&lt;p&gt;Roser Bru. &amp;#8220;Frida &amp;#8211; Te esperar\u00e9 un poco m\u00e1s&amp;#8221;, 1979&lt;\/p&gt;\" data-large-file=\"https:\/\/i0.wp.com\/galeriamemoria.com\/wp-content\/uploads\/2024\/08\/Captura-de-pantalla-2024-01-01-a-las-17.50.05.png?fit=702%2C860&amp;ssl=1\" role=\"button\" tabindex=\"0\" aria-label=\"Abrir la imagen 1 de 4 en pantalla completa\" srcset=\"https:\/\/i0.wp.com\/galeriamemoria.com\/wp-content\/uploads\/2024\/08\/Captura-de-pantalla-2024-01-01-a-las-17.50.05.png?resize=600%2C600&#038;strip=info&#038;ssl=1 600w,https:\/\/i0.wp.com\/galeriamemoria.com\/wp-content\/uploads\/2024\/08\/Captura-de-pantalla-2024-01-01-a-las-17.50.05.png?resize=702%2C702&#038;strip=info&#038;ssl=1 702w\" alt=\"\" data-height=\"860\" data-id=\"1099\" data-link=\"https:\/\/galeriamemoria.com\/captura-de-pantalla-2024-01-01-a-las-17-50-05\/\" data-url=\"https:\/\/galeriamemoria.com\/wp-content\/uploads\/2024\/08\/Captura-de-pantalla-2024-01-01-a-las-17.50.05.png\" data-width=\"702\" src=\"https:\/\/i0.wp.com\/galeriamemoria.com\/wp-content\/uploads\/2024\/08\/Captura-de-pantalla-2024-01-01-a-las-17.50.05.png?ssl=1&amp;resize=702%2C702\" data-amp-layout=\"responsive\"\/><\/figure><\/div><div class=\"tiled-gallery__col\"><figure class=\"tiled-gallery__item\"><img decoding=\"async\" data-attachment-id=\"593\" data-permalink=\"https:\/\/galeriamemoria.com\/es\/artists\/marta-palau_tapiz-ariadne-1\/\" data-orig-file=\"https:\/\/i0.wp.com\/galeriamemoria.com\/wp-content\/uploads\/2024\/08\/marta-palau_tapiz-ariadne-1.jpg?fit=303%2C505&amp;ssl=1\" data-orig-size=\"303,505\" data-comments-opened=\"0\" data-image-meta=\"{&quot;aperture&quot;:&quot;0&quot;,&quot;credit&quot;:&quot;&quot;,&quot;camera&quot;:&quot;&quot;,&quot;caption&quot;:&quot;&quot;,&quot;created_timestamp&quot;:&quot;0&quot;,&quot;copyright&quot;:&quot;&quot;,&quot;focal_length&quot;:&quot;0&quot;,&quot;iso&quot;:&quot;0&quot;,&quot;shutter_speed&quot;:&quot;0&quot;,&quot;title&quot;:&quot;&quot;,&quot;orientation&quot;:&quot;1&quot;}\" data-image-title=\"Marta Palau, Untitled, 1968\" data-image-description=\"\" data-image-caption=\"&lt;p&gt;Marta Palau, Untitled, 1968&lt;\/p&gt;\" data-large-file=\"https:\/\/i0.wp.com\/galeriamemoria.com\/wp-content\/uploads\/2024\/08\/marta-palau_tapiz-ariadne-1.jpg?fit=303%2C505&amp;ssl=1\" role=\"button\" tabindex=\"0\" aria-label=\"Abrir la imagen 2 de 4 en pantalla completa\" srcset=\"https:\/\/i0.wp.com\/galeriamemoria.com\/wp-content\/uploads\/2024\/08\/marta-palau_tapiz-ariadne-1.jpg?resize=303%2C303&#038;strip=info&#038;ssl=1 303w\" alt=\"\" data-height=\"505\" data-id=\"593\" data-link=\"https:\/\/galeriamemoria.com\/artists\/marta-palau_tapiz-ariadne-1\/\" data-url=\"https:\/\/galeriamemoria.com\/wp-content\/uploads\/2024\/08\/marta-palau_tapiz-ariadne-1.jpg\" data-width=\"303\" src=\"https:\/\/i0.wp.com\/galeriamemoria.com\/wp-content\/uploads\/2024\/08\/marta-palau_tapiz-ariadne-1.jpg?ssl=1&amp;resize=303%2C303\" data-amp-layout=\"responsive\"\/><\/figure><\/div><div class=\"tiled-gallery__col\"><figure class=\"tiled-gallery__item\"><img decoding=\"async\" data-attachment-id=\"1097\" data-permalink=\"https:\/\/galeriamemoria.com\/es\/043-web\/\" data-orig-file=\"https:\/\/i0.wp.com\/galeriamemoria.com\/wp-content\/uploads\/2024\/08\/043-web.jpg?fit=1212%2C1650&amp;ssl=1\" data-orig-size=\"1212,1650\" data-comments-opened=\"0\" data-image-meta=\"{&quot;aperture&quot;:&quot;0&quot;,&quot;credit&quot;:&quot;&quot;,&quot;camera&quot;:&quot;&quot;,&quot;caption&quot;:&quot;&quot;,&quot;created_timestamp&quot;:&quot;0&quot;,&quot;copyright&quot;:&quot;&quot;,&quot;focal_length&quot;:&quot;0&quot;,&quot;iso&quot;:&quot;0&quot;,&quot;shutter_speed&quot;:&quot;0&quot;,&quot;title&quot;:&quot;&quot;,&quot;orientation&quot;:&quot;0&quot;}\" data-image-title=\"Roser Bru. &amp;#8220;Kafka I&amp;#8221;, 1979\" data-image-description=\"\" data-image-caption=\"&lt;p&gt;Roser Bru. &amp;#8220;Kafka I&amp;#8221;, 1979&lt;\/p&gt;\" data-large-file=\"https:\/\/i0.wp.com\/galeriamemoria.com\/wp-content\/uploads\/2024\/08\/043-web.jpg?fit=752%2C1024&amp;ssl=1\" role=\"button\" tabindex=\"0\" aria-label=\"Abrir la imagen 3 de 4 en pantalla completa\" srcset=\"https:\/\/i0.wp.com\/galeriamemoria.com\/wp-content\/uploads\/2024\/08\/043-web-752x1024.jpg?resize=600%2C600&#038;strip=info&#038;ssl=1 600w,https:\/\/i0.wp.com\/galeriamemoria.com\/wp-content\/uploads\/2024\/08\/043-web-752x1024.jpg?resize=900%2C900&#038;strip=info&#038;ssl=1 900w,https:\/\/i0.wp.com\/galeriamemoria.com\/wp-content\/uploads\/2024\/08\/043-web-752x1024.jpg?resize=1200%2C1200&#038;strip=info&#038;ssl=1 1200w,https:\/\/i0.wp.com\/galeriamemoria.com\/wp-content\/uploads\/2024\/08\/043-web-752x1024.jpg?resize=1212%2C1212&#038;strip=info&#038;ssl=1 1212w\" alt=\"\" data-height=\"1650\" data-id=\"1097\" data-link=\"https:\/\/galeriamemoria.com\/043-web\/\" data-url=\"https:\/\/galeriamemoria.com\/wp-content\/uploads\/2024\/08\/043-web-752x1024.jpg\" data-width=\"1212\" src=\"https:\/\/i0.wp.com\/galeriamemoria.com\/wp-content\/uploads\/2024\/08\/043-web-752x1024.jpg?ssl=1&amp;resize=1212%2C1212\" data-amp-layout=\"responsive\"\/><\/figure><\/div><div class=\"tiled-gallery__col\"><figure class=\"tiled-gallery__item\"><img decoding=\"async\" data-attachment-id=\"1098\" data-permalink=\"https:\/\/galeriamemoria.com\/es\/034-web\/\" data-orig-file=\"https:\/\/i0.wp.com\/galeriamemoria.com\/wp-content\/uploads\/2024\/08\/034-web.jpg?fit=1223%2C1634&amp;ssl=1\" data-orig-size=\"1223,1634\" data-comments-opened=\"0\" data-image-meta=\"{&quot;aperture&quot;:&quot;0&quot;,&quot;credit&quot;:&quot;&quot;,&quot;camera&quot;:&quot;&quot;,&quot;caption&quot;:&quot;&quot;,&quot;created_timestamp&quot;:&quot;0&quot;,&quot;copyright&quot;:&quot;&quot;,&quot;focal_length&quot;:&quot;0&quot;,&quot;iso&quot;:&quot;0&quot;,&quot;shutter_speed&quot;:&quot;0&quot;,&quot;title&quot;:&quot;&quot;,&quot;orientation&quot;:&quot;0&quot;}\" data-image-title=\"Roser Bru. &amp;#8220;Montessori&amp;#8221;, 1979\" data-image-description=\"\" data-image-caption=\"&lt;p&gt;Roser Bru. &amp;#8220;Montessori&amp;#8221;, 1979&lt;\/p&gt;\" data-large-file=\"https:\/\/i0.wp.com\/galeriamemoria.com\/wp-content\/uploads\/2024\/08\/034-web.jpg?fit=766%2C1024&amp;ssl=1\" role=\"button\" tabindex=\"0\" aria-label=\"Abrir la imagen 4 de 4 en pantalla completa\" srcset=\"https:\/\/i0.wp.com\/galeriamemoria.com\/wp-content\/uploads\/2024\/08\/034-web-766x1024.jpg?resize=600%2C600&#038;strip=info&#038;ssl=1 600w,https:\/\/i0.wp.com\/galeriamemoria.com\/wp-content\/uploads\/2024\/08\/034-web-766x1024.jpg?resize=900%2C900&#038;strip=info&#038;ssl=1 900w,https:\/\/i0.wp.com\/galeriamemoria.com\/wp-content\/uploads\/2024\/08\/034-web-766x1024.jpg?resize=1200%2C1200&#038;strip=info&#038;ssl=1 1200w,https:\/\/i0.wp.com\/galeriamemoria.com\/wp-content\/uploads\/2024\/08\/034-web-766x1024.jpg?resize=1223%2C1223&#038;strip=info&#038;ssl=1 1223w\" alt=\"\" data-height=\"1634\" data-id=\"1098\" data-link=\"https:\/\/galeriamemoria.com\/034-web\/\" data-url=\"https:\/\/galeriamemoria.com\/wp-content\/uploads\/2024\/08\/034-web-766x1024.jpg\" data-width=\"1223\" src=\"https:\/\/i0.wp.com\/galeriamemoria.com\/wp-content\/uploads\/2024\/08\/034-web-766x1024.jpg?ssl=1&amp;resize=1223%2C1223\" data-amp-layout=\"responsive\"\/><\/figure><\/div><\/div><\/div><\/div><\/div>\n\n\n\n<div class=\"wp-block-buttons alignfull is-content-justification-center is-layout-flex wp-container-core-buttons-is-layout-69bbf988 wp-block-buttons-is-layout-flex\"><\/div>\n\n\n\n<div class=\"wp-block-columns alignwide is-layout-flex wp-container-core-columns-is-layout-3b811c60 wp-block-columns-is-layout-flex\">\n<div class=\"wp-block-column is-layout-flow wp-block-column-is-layout-flow\" style=\"flex-basis:100%\">\n<p class=\"has-text-align-justify wp-block-paragraph\"><\/p>\n<\/div>\n<\/div>\n\n\n\n<p class=\"has-theme-1-background-color has-background wp-block-paragraph\"><\/p>\n\n\n\n<p class=\"wp-block-paragraph\"><\/p>\n\n\n\n<div class=\"wp-block-group alignfull has-theme-2-background-color has-background has-global-padding is-content-justification-center is-layout-constrained wp-block-group-is-layout-constrained\" style=\"margin-top:0;margin-bottom:0\"><\/div>","protected":false},"excerpt":{"rendered":"<p>Vidas en Tr\u00e1nsito: Homenaje a Roser Bru Roser Bru | Marta Palau | Gracia Barrios MEMORIA (Centro)26.02.2022 &#8211; 07.05.2022 The exhibition Lifes in Transit, in MEMORIA, is a tribute to the Spanish-Chilean artist Roser Bru (1923-2021), who died on May 26, 2021, in Santiago, Chile. The artist, who arrived in Valparaiso (Chile) on the Winnipeg [&hellip;]<\/p>\n","protected":false},"author":251800687,"featured_media":1099,"parent":0,"menu_order":0,"comment_status":"closed","ping_status":"closed","template":"","meta":{"_crdt_document":"","advanced_seo_description":"","jetpack_seo_html_title":"","jetpack_seo_noindex":false,"footnotes":""},"class_list":["post-1519","page","type-page","status-publish","has-post-thumbnail","hentry"],"jetpack_likes_enabled":false,"jetpack_sharing_enabled":true,"jetpack_shortlink":"https:\/\/wp.me\/PfPCnn-ov","jetpack-related-posts":[],"_links":{"self":[{"href":"https:\/\/galeriamemoria.com\/es\/wp-json\/wp\/v2\/pages\/1519","targetHints":{"allow":["GET"]}}],"collection":[{"href":"https:\/\/galeriamemoria.com\/es\/wp-json\/wp\/v2\/pages"}],"about":[{"href":"https:\/\/galeriamemoria.com\/es\/wp-json\/wp\/v2\/types\/page"}],"author":[{"embeddable":true,"href":"https:\/\/galeriamemoria.com\/es\/wp-json\/wp\/v2\/users\/251800687"}],"replies":[{"embeddable":true,"href":"https:\/\/galeriamemoria.com\/es\/wp-json\/wp\/v2\/comments?post=1519"}],"version-history":[{"count":4,"href":"https:\/\/galeriamemoria.com\/es\/wp-json\/wp\/v2\/pages\/1519\/revisions"}],"predecessor-version":[{"id":1838,"href":"https:\/\/galeriamemoria.com\/es\/wp-json\/wp\/v2\/pages\/1519\/revisions\/1838"}],"wp:featuredmedia":[{"embeddable":true,"href":"https:\/\/galeriamemoria.com\/es\/wp-json\/wp\/v2\/media\/1099"}],"wp:attachment":[{"href":"https:\/\/galeriamemoria.com\/es\/wp-json\/wp\/v2\/media?parent=1519"}],"curies":[{"name":"wp","href":"https:\/\/api.w.org\/{rel}","templated":true}]}}