{"id":2490,"date":"2024-12-10T11:58:58","date_gmt":"2024-12-10T10:58:58","guid":{"rendered":"https:\/\/galeriamemoria.com\/?page_id=2490"},"modified":"2025-01-10T13:26:03","modified_gmt":"2025-01-10T12:26:03","slug":"javier-silva-meinel","status":"publish","type":"page","link":"https:\/\/galeriamemoria.com\/es\/artists\/javier-silva-meinel\/","title":{"rendered":"Javier Silva Meinel"},"content":{"rendered":"<div style=\"height:calc( 0.25 * var(--wp--style--root--padding-right, var(--wp--custom--gap--horizontal)))\" aria-hidden=\"true\" class=\"wp-block-spacer\"><\/div>\n\n\n\n<div class=\"wp-block-jetpack-slideshow alignwide\" data-effect=\"slide\"><div class=\"wp-block-jetpack-slideshow_container swiper-container\"><ul class=\"wp-block-jetpack-slideshow_swiper-wrapper swiper-wrapper\"><li class=\"wp-block-jetpack-slideshow_slide swiper-slide\"><figure><img data-recalc-dims=\"1\" fetchpriority=\"high\" decoding=\"async\" width=\"1024\" height=\"768\" alt=\"\" class=\"wp-block-jetpack-slideshow_image wp-image-2549\" data-id=\"2549\" src=\"https:\/\/i0.wp.com\/galeriamemoria.com\/wp-content\/uploads\/2024\/12\/P1060864.jpg?resize=1024%2C768&#038;ssl=1\" srcset=\"https:\/\/i0.wp.com\/galeriamemoria.com\/wp-content\/uploads\/2024\/12\/P1060864.jpg?resize=1024%2C768&amp;ssl=1 1024w, https:\/\/i0.wp.com\/galeriamemoria.com\/wp-content\/uploads\/2024\/12\/P1060864.jpg?resize=300%2C225&amp;ssl=1 300w, https:\/\/i0.wp.com\/galeriamemoria.com\/wp-content\/uploads\/2024\/12\/P1060864.jpg?resize=768%2C576&amp;ssl=1 768w, https:\/\/i0.wp.com\/galeriamemoria.com\/wp-content\/uploads\/2024\/12\/P1060864.jpg?resize=1536%2C1152&amp;ssl=1 1536w, https:\/\/i0.wp.com\/galeriamemoria.com\/wp-content\/uploads\/2024\/12\/P1060864.jpg?resize=2048%2C1536&amp;ssl=1 2048w, https:\/\/i0.wp.com\/galeriamemoria.com\/wp-content\/uploads\/2024\/12\/P1060864.jpg?resize=16%2C12&amp;ssl=1 16w, https:\/\/i0.wp.com\/galeriamemoria.com\/wp-content\/uploads\/2024\/12\/P1060864.jpg?w=3000&amp;ssl=1 3000w\" sizes=\"(max-width: 1000px) 100vw, 1000px\" \/><figcaption class=\"wp-block-jetpack-slideshow_caption gallery-caption\">&#8220;P\u00e1ro Ques\u0308h\u00e1&#8221;, MEMORIA, Madrid, 2024<\/figcaption><\/figure><\/li><li class=\"wp-block-jetpack-slideshow_slide swiper-slide\"><figure><img data-recalc-dims=\"1\" decoding=\"async\" width=\"1024\" height=\"768\" alt=\"\" class=\"wp-block-jetpack-slideshow_image wp-image-2521\" data-id=\"2521\" src=\"https:\/\/i0.wp.com\/galeriamemoria.com\/wp-content\/uploads\/2024\/12\/PHOTO-2024-12-04-18-02-05.jpg?resize=1024%2C768&#038;ssl=1\" srcset=\"https:\/\/i0.wp.com\/galeriamemoria.com\/wp-content\/uploads\/2024\/12\/PHOTO-2024-12-04-18-02-05.jpg?resize=1024%2C768&amp;ssl=1 1024w, https:\/\/i0.wp.com\/galeriamemoria.com\/wp-content\/uploads\/2024\/12\/PHOTO-2024-12-04-18-02-05.jpg?resize=300%2C225&amp;ssl=1 300w, https:\/\/i0.wp.com\/galeriamemoria.com\/wp-content\/uploads\/2024\/12\/PHOTO-2024-12-04-18-02-05.jpg?resize=768%2C576&amp;ssl=1 768w, https:\/\/i0.wp.com\/galeriamemoria.com\/wp-content\/uploads\/2024\/12\/PHOTO-2024-12-04-18-02-05.jpg?resize=1536%2C1152&amp;ssl=1 1536w, https:\/\/i0.wp.com\/galeriamemoria.com\/wp-content\/uploads\/2024\/12\/PHOTO-2024-12-04-18-02-05.jpg?resize=2048%2C1536&amp;ssl=1 2048w, https:\/\/i0.wp.com\/galeriamemoria.com\/wp-content\/uploads\/2024\/12\/PHOTO-2024-12-04-18-02-05.jpg?resize=16%2C12&amp;ssl=1 16w, https:\/\/i0.wp.com\/galeriamemoria.com\/wp-content\/uploads\/2024\/12\/PHOTO-2024-12-04-18-02-05.jpg?w=3000&amp;ssl=1 3000w\" sizes=\"(max-width: 1000px) 100vw, 1000px\" \/><figcaption class=\"wp-block-jetpack-slideshow_caption gallery-caption\">&#8220;P\u00e1ro Ques\u0308h\u00e1&#8221;, MEMORIA, Madrid, 2024<\/figcaption><\/figure><\/li><li class=\"wp-block-jetpack-slideshow_slide swiper-slide\"><figure><img data-recalc-dims=\"1\" decoding=\"async\" width=\"1024\" height=\"768\" alt=\"\" class=\"wp-block-jetpack-slideshow_image wp-image-2544\" data-id=\"2544\" src=\"https:\/\/i0.wp.com\/galeriamemoria.com\/wp-content\/uploads\/2024\/12\/P1060775.jpg?resize=1024%2C768&#038;ssl=1\" srcset=\"https:\/\/i0.wp.com\/galeriamemoria.com\/wp-content\/uploads\/2024\/12\/P1060775.jpg?resize=1024%2C768&amp;ssl=1 1024w, https:\/\/i0.wp.com\/galeriamemoria.com\/wp-content\/uploads\/2024\/12\/P1060775.jpg?resize=300%2C225&amp;ssl=1 300w, https:\/\/i0.wp.com\/galeriamemoria.com\/wp-content\/uploads\/2024\/12\/P1060775.jpg?resize=768%2C576&amp;ssl=1 768w, https:\/\/i0.wp.com\/galeriamemoria.com\/wp-content\/uploads\/2024\/12\/P1060775.jpg?resize=1536%2C1152&amp;ssl=1 1536w, https:\/\/i0.wp.com\/galeriamemoria.com\/wp-content\/uploads\/2024\/12\/P1060775.jpg?resize=2048%2C1536&amp;ssl=1 2048w, https:\/\/i0.wp.com\/galeriamemoria.com\/wp-content\/uploads\/2024\/12\/P1060775.jpg?resize=16%2C12&amp;ssl=1 16w, https:\/\/i0.wp.com\/galeriamemoria.com\/wp-content\/uploads\/2024\/12\/P1060775.jpg?w=3000&amp;ssl=1 3000w\" sizes=\"(max-width: 1000px) 100vw, 1000px\" \/><figcaption class=\"wp-block-jetpack-slideshow_caption gallery-caption\">&#8220;P\u00e1ro Ques\u0308h\u00e1&#8221;, MEMORIA, Madrid, 2024<\/figcaption><\/figure><\/li><li class=\"wp-block-jetpack-slideshow_slide swiper-slide\"><figure><img data-recalc-dims=\"1\" loading=\"lazy\" decoding=\"async\" width=\"1024\" height=\"768\" alt=\"\" class=\"wp-block-jetpack-slideshow_image wp-image-2545\" data-id=\"2545\" src=\"https:\/\/i0.wp.com\/galeriamemoria.com\/wp-content\/uploads\/2024\/12\/P1060781.jpg?resize=1024%2C768&#038;ssl=1\" srcset=\"https:\/\/i0.wp.com\/galeriamemoria.com\/wp-content\/uploads\/2024\/12\/P1060781.jpg?resize=1024%2C768&amp;ssl=1 1024w, https:\/\/i0.wp.com\/galeriamemoria.com\/wp-content\/uploads\/2024\/12\/P1060781.jpg?resize=300%2C225&amp;ssl=1 300w, https:\/\/i0.wp.com\/galeriamemoria.com\/wp-content\/uploads\/2024\/12\/P1060781.jpg?resize=768%2C576&amp;ssl=1 768w, https:\/\/i0.wp.com\/galeriamemoria.com\/wp-content\/uploads\/2024\/12\/P1060781.jpg?resize=1536%2C1152&amp;ssl=1 1536w, https:\/\/i0.wp.com\/galeriamemoria.com\/wp-content\/uploads\/2024\/12\/P1060781.jpg?resize=2048%2C1536&amp;ssl=1 2048w, https:\/\/i0.wp.com\/galeriamemoria.com\/wp-content\/uploads\/2024\/12\/P1060781.jpg?resize=16%2C12&amp;ssl=1 16w, https:\/\/i0.wp.com\/galeriamemoria.com\/wp-content\/uploads\/2024\/12\/P1060781.jpg?w=3000&amp;ssl=1 3000w\" sizes=\"(max-width: 1000px) 100vw, 1000px\" \/><figcaption class=\"wp-block-jetpack-slideshow_caption gallery-caption\">&#8220;P\u00e1ro Ques\u0308h\u00e1&#8221;, MEMORIA, Madrid, 2024<\/figcaption><\/figure><\/li><li class=\"wp-block-jetpack-slideshow_slide swiper-slide\"><figure><img data-recalc-dims=\"1\" loading=\"lazy\" decoding=\"async\" width=\"1024\" height=\"768\" alt=\"\" class=\"wp-block-jetpack-slideshow_image wp-image-2520\" data-id=\"2520\" src=\"https:\/\/i0.wp.com\/galeriamemoria.com\/wp-content\/uploads\/2024\/12\/PHOTO-2024-12-04-18-02-04.jpg?resize=1024%2C768&#038;ssl=1\" srcset=\"https:\/\/i0.wp.com\/galeriamemoria.com\/wp-content\/uploads\/2024\/12\/PHOTO-2024-12-04-18-02-04.jpg?resize=1024%2C768&amp;ssl=1 1024w, https:\/\/i0.wp.com\/galeriamemoria.com\/wp-content\/uploads\/2024\/12\/PHOTO-2024-12-04-18-02-04.jpg?resize=300%2C225&amp;ssl=1 300w, https:\/\/i0.wp.com\/galeriamemoria.com\/wp-content\/uploads\/2024\/12\/PHOTO-2024-12-04-18-02-04.jpg?resize=768%2C576&amp;ssl=1 768w, https:\/\/i0.wp.com\/galeriamemoria.com\/wp-content\/uploads\/2024\/12\/PHOTO-2024-12-04-18-02-04.jpg?resize=1536%2C1152&amp;ssl=1 1536w, https:\/\/i0.wp.com\/galeriamemoria.com\/wp-content\/uploads\/2024\/12\/PHOTO-2024-12-04-18-02-04.jpg?resize=2048%2C1536&amp;ssl=1 2048w, https:\/\/i0.wp.com\/galeriamemoria.com\/wp-content\/uploads\/2024\/12\/PHOTO-2024-12-04-18-02-04.jpg?resize=16%2C12&amp;ssl=1 16w, https:\/\/i0.wp.com\/galeriamemoria.com\/wp-content\/uploads\/2024\/12\/PHOTO-2024-12-04-18-02-04.jpg?w=3000&amp;ssl=1 3000w\" sizes=\"(max-width: 1000px) 100vw, 1000px\" \/><figcaption class=\"wp-block-jetpack-slideshow_caption gallery-caption\">&#8220;P\u00e1ro Ques\u0308h\u00e1&#8221;, MEMORIA, Madrid, 2024<\/figcaption><\/figure><\/li><\/ul><a class=\"wp-block-jetpack-slideshow_button-prev swiper-button-prev swiper-button-white\" role=\"button\"><\/a><a class=\"wp-block-jetpack-slideshow_button-next swiper-button-next swiper-button-white\" role=\"button\"><\/a><a aria-label=\"Pause Slideshow\" class=\"wp-block-jetpack-slideshow_button-pause\" role=\"button\"><\/a><div class=\"wp-block-jetpack-slideshow_pagination swiper-pagination swiper-pagination-white\"><\/div><\/div><\/div>\n\n\n\n<div class=\"wp-block-columns alignwide is-layout-flex wp-container-core-columns-is-layout-3b811c60 wp-block-columns-is-layout-flex\">\n<div class=\"wp-block-column is-layout-flow wp-container-core-column-is-layout-f141c9e2 wp-block-column-is-layout-flow\" style=\"flex-basis:50%\">\n<p class=\"wp-block-paragraph\"><\/p>\n\n\n\n<h2 class=\"wp-block-heading\">Javier Silva Meinel<\/h2>\n\n\n\n<p class=\"wp-block-paragraph\"><\/p>\n\n\n\n<p class=\"has-text-align-left has-medium-font-size wp-block-paragraph\"><strong>Lima, Per\u00fa, 1949<\/strong><\/p>\n\n\n\n<p class=\"has-text-align-left has-medium-font-size wp-block-paragraph\">Vive y trabaja en Lima, Per\u00fa<\/p>\n<\/div>\n<\/div>\n\n\n\n<div class=\"wp-block-group alignfull has-theme-1-background-color has-background has-global-padding is-content-justification-center is-layout-constrained wp-container-core-group-is-layout-452657ba wp-block-group-is-layout-constrained\" style=\"margin-top:0;margin-bottom:0;padding-top:calc( 0.5 * var(--wp--style--root--padding-right, var(--wp--custom--gap--horizontal)));padding-right:var(--wp--style--root--padding-right, var(--wp--custom--gap--horizontal));padding-bottom:calc( 0.5 * var(--wp--style--root--padding-right, var(--wp--custom--gap--horizontal)));padding-left:var(--wp--style--root--padding-left, var(--wp--custom--gap--horizontal))\">\n<div class=\"wp-block-columns alignwide is-layout-flex wp-container-core-columns-is-layout-3b811c60 wp-block-columns-is-layout-flex\">\n<div class=\"wp-block-column is-layout-flow wp-block-column-is-layout-flow\">\n<p class=\"has-text-align-justify wp-block-paragraph\">La obra de Javier Silva Meinel (Lima, Per\u00fa, 1949) se ha volcado en investigar y visibilizar las contemporaneidades ocultas que cohabitan el mundo \u201cdesde los m\u00e1rgenes\u201d, frente a la hegemon\u00eda del c\u00e1non occidental. El artista, desde hace cuatro d\u00e9cadas, se dedica a viajar y estrechar lazos con comunidades nativas peruanas, reflejando a trav\u00e9s de la fotograf\u00eda los intersticios entre realidad y fantas\u00eda, entre cuerpos presentes y sus creencias ancestrales. <\/p>\n\n\n\n<p class=\"has-text-align-justify wp-block-paragraph\">Esta tensi\u00f3n entre lo terrenal y lo espiritual se manifiesta en una mirada que dignifica los sujetos como arquetipos de la belleza inefable de una humanidad genuina e inquebrantable. Para ello, Silva Meinel explora los mitos y los saberes de no solamente conexi\u00f3n, sino completa pertenencia a la naturaleza. Con los formatos cuadrados y en blanco y negro, explora la sensibilidad de las miradas y lo profundo de un silencio ensordecedor. Sus composiciones remiten a lo f\u00edsico y material de la realidad y a que lo ex\u00f3tico se disuelve si se permite un punto de partida com\u00fan.<\/p>\n\n\n\n<p class=\"has-text-align-justify wp-block-paragraph\">Javier Silva Meinel tuvo su primera exposici\u00f3n individual en Lima, en 1978. Desde entonces, su trabajo se ha mostrado en diversas galer\u00edas y museos por el mundo, tanto en exposiciones individuales como colectivas. <\/p>\n\n\n\n<p class=\"has-text-align-justify wp-block-paragraph\">Sus fotograf\u00edas se han visto en Estados Unidos, Venezuela, Brasil, Espa\u00f1a, Reino Unido, B\u00e9lgica y Pa\u00edses Bajos. Sus obras pertenecen tambi\u00e9n a importantes colecciones privadas, as\u00ed como a colecciones permanentes de instituciones como el Brooklyn Museum (Nueva York, USA), Houston Museum of Fine Arts (Houston, USA), Museum of Photographic Art (San Diego, USA), Museo de las Am\u00e9ricas (Denver, USA), Museum of Art (New Orleans, USA) y el Museo de Arte de Lima (Lima, Per\u00fa).<\/p>\n\n\n\n<p class=\"has-text-align-justify wp-block-paragraph\"><\/p>\n\n\n\n<div class=\"wp-block-buttons is-layout-flex wp-block-buttons-is-layout-flex\">\n<div class=\"wp-block-button\"><a class=\"wp-block-button__link has-background wp-element-button\" href=\"https:\/\/galeriamemoria.com\/wp-content\/uploads\/2025\/01\/MEMORIA_Javier_Silva_Meinel_CV.pdf\" style=\"background-color:#949191\" target=\"_blank\" rel=\"noreferrer noopener\">CV<\/a><\/div>\n<\/div>\n\n\n\n<p class=\"has-text-align-justify wp-block-paragraph\"><br> <\/p>\n<\/div>\n\n\n\n<div class=\"wp-block-column is-layout-flow wp-container-core-column-is-layout-317362bb wp-block-column-is-layout-flow\">\n<div class=\"wp-block-jetpack-slideshow aligncenter\" data-effect=\"slide\"><div class=\"wp-block-jetpack-slideshow_container swiper-container\"><ul class=\"wp-block-jetpack-slideshow_swiper-wrapper swiper-wrapper\"><li class=\"wp-block-jetpack-slideshow_slide swiper-slide\"><figure><img data-recalc-dims=\"1\" loading=\"lazy\" decoding=\"async\" width=\"3543\" height=\"3543\" alt=\"\" class=\"wp-block-jetpack-slideshow_image wp-image-2497\" data-id=\"2497\" src=\"https:\/\/i0.wp.com\/galeriamemoria.com\/wp-content\/uploads\/2024\/12\/WhatsApp-Image-2024-12-07-at-9.51.31-AM.jpeg?resize=3543%2C3543&#038;ssl=1\" srcset=\"https:\/\/i0.wp.com\/galeriamemoria.com\/wp-content\/uploads\/2024\/12\/WhatsApp-Image-2024-12-07-at-9.51.31-AM.jpeg?w=3543&amp;ssl=1 3543w, https:\/\/i0.wp.com\/galeriamemoria.com\/wp-content\/uploads\/2024\/12\/WhatsApp-Image-2024-12-07-at-9.51.31-AM.jpeg?resize=300%2C300&amp;ssl=1 300w, https:\/\/i0.wp.com\/galeriamemoria.com\/wp-content\/uploads\/2024\/12\/WhatsApp-Image-2024-12-07-at-9.51.31-AM.jpeg?resize=1024%2C1024&amp;ssl=1 1024w, https:\/\/i0.wp.com\/galeriamemoria.com\/wp-content\/uploads\/2024\/12\/WhatsApp-Image-2024-12-07-at-9.51.31-AM.jpeg?resize=150%2C150&amp;ssl=1 150w, https:\/\/i0.wp.com\/galeriamemoria.com\/wp-content\/uploads\/2024\/12\/WhatsApp-Image-2024-12-07-at-9.51.31-AM.jpeg?resize=768%2C768&amp;ssl=1 768w, https:\/\/i0.wp.com\/galeriamemoria.com\/wp-content\/uploads\/2024\/12\/WhatsApp-Image-2024-12-07-at-9.51.31-AM.jpeg?resize=1536%2C1536&amp;ssl=1 1536w, https:\/\/i0.wp.com\/galeriamemoria.com\/wp-content\/uploads\/2024\/12\/WhatsApp-Image-2024-12-07-at-9.51.31-AM.jpeg?resize=2048%2C2048&amp;ssl=1 2048w, https:\/\/i0.wp.com\/galeriamemoria.com\/wp-content\/uploads\/2024\/12\/WhatsApp-Image-2024-12-07-at-9.51.31-AM.jpeg?resize=12%2C12&amp;ssl=1 12w, https:\/\/i0.wp.com\/galeriamemoria.com\/wp-content\/uploads\/2024\/12\/WhatsApp-Image-2024-12-07-at-9.51.31-AM.jpeg?w=3000&amp;ssl=1 3000w\" sizes=\"(max-width: 1000px) 100vw, 1000px\" \/><figcaption class=\"wp-block-jetpack-slideshow_caption gallery-caption\">Javier Silva Meinel. Arahuana (Iquitos, Per\u00fa), 2004<\/figcaption><\/figure><\/li><li class=\"wp-block-jetpack-slideshow_slide swiper-slide\"><figure><img data-recalc-dims=\"1\" loading=\"lazy\" decoding=\"async\" width=\"3543\" height=\"3543\" alt=\"\" class=\"wp-block-jetpack-slideshow_image wp-image-2498\" data-id=\"2498\" src=\"https:\/\/i0.wp.com\/galeriamemoria.com\/wp-content\/uploads\/2024\/12\/WhatsApp-Image-2024-12-07-at-9.51.32-AM.jpeg?resize=3543%2C3543&#038;ssl=1\" srcset=\"https:\/\/i0.wp.com\/galeriamemoria.com\/wp-content\/uploads\/2024\/12\/WhatsApp-Image-2024-12-07-at-9.51.32-AM.jpeg?w=3543&amp;ssl=1 3543w, https:\/\/i0.wp.com\/galeriamemoria.com\/wp-content\/uploads\/2024\/12\/WhatsApp-Image-2024-12-07-at-9.51.32-AM.jpeg?resize=300%2C300&amp;ssl=1 300w, https:\/\/i0.wp.com\/galeriamemoria.com\/wp-content\/uploads\/2024\/12\/WhatsApp-Image-2024-12-07-at-9.51.32-AM.jpeg?resize=1024%2C1024&amp;ssl=1 1024w, https:\/\/i0.wp.com\/galeriamemoria.com\/wp-content\/uploads\/2024\/12\/WhatsApp-Image-2024-12-07-at-9.51.32-AM.jpeg?resize=150%2C150&amp;ssl=1 150w, https:\/\/i0.wp.com\/galeriamemoria.com\/wp-content\/uploads\/2024\/12\/WhatsApp-Image-2024-12-07-at-9.51.32-AM.jpeg?resize=768%2C768&amp;ssl=1 768w, https:\/\/i0.wp.com\/galeriamemoria.com\/wp-content\/uploads\/2024\/12\/WhatsApp-Image-2024-12-07-at-9.51.32-AM.jpeg?resize=1536%2C1536&amp;ssl=1 1536w, https:\/\/i0.wp.com\/galeriamemoria.com\/wp-content\/uploads\/2024\/12\/WhatsApp-Image-2024-12-07-at-9.51.32-AM.jpeg?resize=2048%2C2048&amp;ssl=1 2048w, https:\/\/i0.wp.com\/galeriamemoria.com\/wp-content\/uploads\/2024\/12\/WhatsApp-Image-2024-12-07-at-9.51.32-AM.jpeg?resize=12%2C12&amp;ssl=1 12w, https:\/\/i0.wp.com\/galeriamemoria.com\/wp-content\/uploads\/2024\/12\/WhatsApp-Image-2024-12-07-at-9.51.32-AM.jpeg?w=3000&amp;ssl=1 3000w\" sizes=\"(max-width: 1000px) 100vw, 1000px\" \/><figcaption class=\"wp-block-jetpack-slideshow_caption gallery-caption\">Javier Silva Meinel. Oso Hormiguero (Iquitos, Per\u00fa), 2003<\/figcaption><\/figure><\/li><li class=\"wp-block-jetpack-slideshow_slide swiper-slide\"><figure><img data-recalc-dims=\"1\" loading=\"lazy\" decoding=\"async\" width=\"3543\" height=\"3543\" alt=\"\" class=\"wp-block-jetpack-slideshow_image wp-image-2499\" data-id=\"2499\" src=\"https:\/\/i0.wp.com\/galeriamemoria.com\/wp-content\/uploads\/2024\/12\/WhatsApp-Image-2024-12-07-at-9.51.37-AM.jpeg?resize=3543%2C3543&#038;ssl=1\" srcset=\"https:\/\/i0.wp.com\/galeriamemoria.com\/wp-content\/uploads\/2024\/12\/WhatsApp-Image-2024-12-07-at-9.51.37-AM.jpeg?w=3543&amp;ssl=1 3543w, https:\/\/i0.wp.com\/galeriamemoria.com\/wp-content\/uploads\/2024\/12\/WhatsApp-Image-2024-12-07-at-9.51.37-AM.jpeg?resize=300%2C300&amp;ssl=1 300w, https:\/\/i0.wp.com\/galeriamemoria.com\/wp-content\/uploads\/2024\/12\/WhatsApp-Image-2024-12-07-at-9.51.37-AM.jpeg?resize=1024%2C1024&amp;ssl=1 1024w, https:\/\/i0.wp.com\/galeriamemoria.com\/wp-content\/uploads\/2024\/12\/WhatsApp-Image-2024-12-07-at-9.51.37-AM.jpeg?resize=150%2C150&amp;ssl=1 150w, https:\/\/i0.wp.com\/galeriamemoria.com\/wp-content\/uploads\/2024\/12\/WhatsApp-Image-2024-12-07-at-9.51.37-AM.jpeg?resize=768%2C768&amp;ssl=1 768w, https:\/\/i0.wp.com\/galeriamemoria.com\/wp-content\/uploads\/2024\/12\/WhatsApp-Image-2024-12-07-at-9.51.37-AM.jpeg?resize=1536%2C1536&amp;ssl=1 1536w, https:\/\/i0.wp.com\/galeriamemoria.com\/wp-content\/uploads\/2024\/12\/WhatsApp-Image-2024-12-07-at-9.51.37-AM.jpeg?resize=2048%2C2048&amp;ssl=1 2048w, https:\/\/i0.wp.com\/galeriamemoria.com\/wp-content\/uploads\/2024\/12\/WhatsApp-Image-2024-12-07-at-9.51.37-AM.jpeg?resize=12%2C12&amp;ssl=1 12w, https:\/\/i0.wp.com\/galeriamemoria.com\/wp-content\/uploads\/2024\/12\/WhatsApp-Image-2024-12-07-at-9.51.37-AM.jpeg?w=3000&amp;ssl=1 3000w\" sizes=\"(max-width: 1000px) 100vw, 1000px\" \/><figcaption class=\"wp-block-jetpack-slideshow_caption gallery-caption\">Javier Silva Meinel. Pira\u00f1as (Iquitos, Per\u00fa), 2004<\/figcaption><\/figure><\/li><li class=\"wp-block-jetpack-slideshow_slide swiper-slide\"><figure><img data-recalc-dims=\"1\" loading=\"lazy\" decoding=\"async\" width=\"3543\" height=\"3543\" alt=\"\" class=\"wp-block-jetpack-slideshow_image wp-image-2500\" data-id=\"2500\" src=\"https:\/\/i0.wp.com\/galeriamemoria.com\/wp-content\/uploads\/2024\/12\/WhatsApp-Image-2024-12-07-at-9.51.38-AM-1.jpeg?resize=3543%2C3543&#038;ssl=1\" srcset=\"https:\/\/i0.wp.com\/galeriamemoria.com\/wp-content\/uploads\/2024\/12\/WhatsApp-Image-2024-12-07-at-9.51.38-AM-1.jpeg?w=3543&amp;ssl=1 3543w, https:\/\/i0.wp.com\/galeriamemoria.com\/wp-content\/uploads\/2024\/12\/WhatsApp-Image-2024-12-07-at-9.51.38-AM-1.jpeg?resize=300%2C300&amp;ssl=1 300w, https:\/\/i0.wp.com\/galeriamemoria.com\/wp-content\/uploads\/2024\/12\/WhatsApp-Image-2024-12-07-at-9.51.38-AM-1.jpeg?resize=1024%2C1024&amp;ssl=1 1024w, https:\/\/i0.wp.com\/galeriamemoria.com\/wp-content\/uploads\/2024\/12\/WhatsApp-Image-2024-12-07-at-9.51.38-AM-1.jpeg?resize=150%2C150&amp;ssl=1 150w, https:\/\/i0.wp.com\/galeriamemoria.com\/wp-content\/uploads\/2024\/12\/WhatsApp-Image-2024-12-07-at-9.51.38-AM-1.jpeg?resize=768%2C768&amp;ssl=1 768w, https:\/\/i0.wp.com\/galeriamemoria.com\/wp-content\/uploads\/2024\/12\/WhatsApp-Image-2024-12-07-at-9.51.38-AM-1.jpeg?resize=1536%2C1536&amp;ssl=1 1536w, https:\/\/i0.wp.com\/galeriamemoria.com\/wp-content\/uploads\/2024\/12\/WhatsApp-Image-2024-12-07-at-9.51.38-AM-1.jpeg?resize=2048%2C2048&amp;ssl=1 2048w, https:\/\/i0.wp.com\/galeriamemoria.com\/wp-content\/uploads\/2024\/12\/WhatsApp-Image-2024-12-07-at-9.51.38-AM-1.jpeg?resize=12%2C12&amp;ssl=1 12w, https:\/\/i0.wp.com\/galeriamemoria.com\/wp-content\/uploads\/2024\/12\/WhatsApp-Image-2024-12-07-at-9.51.38-AM-1.jpeg?w=3000&amp;ssl=1 3000w\" sizes=\"(max-width: 1000px) 100vw, 1000px\" \/><figcaption class=\"wp-block-jetpack-slideshow_caption gallery-caption\">Javier Silva Meinel. El hombre y el mar, la raya (Lur\u00edn, Per\u00fa), 1993<\/figcaption><\/figure><\/li><li class=\"wp-block-jetpack-slideshow_slide swiper-slide\"><figure><img data-recalc-dims=\"1\" loading=\"lazy\" decoding=\"async\" width=\"3543\" height=\"3551\" alt=\"\" class=\"wp-block-jetpack-slideshow_image wp-image-2501\" data-id=\"2501\" src=\"https:\/\/i0.wp.com\/galeriamemoria.com\/wp-content\/uploads\/2024\/12\/WhatsApp-Image-2024-12-07-at-9.51.38-AM.jpeg?resize=3543%2C3551&#038;ssl=1\" srcset=\"https:\/\/i0.wp.com\/galeriamemoria.com\/wp-content\/uploads\/2024\/12\/WhatsApp-Image-2024-12-07-at-9.51.38-AM.jpeg?w=3543&amp;ssl=1 3543w, https:\/\/i0.wp.com\/galeriamemoria.com\/wp-content\/uploads\/2024\/12\/WhatsApp-Image-2024-12-07-at-9.51.38-AM.jpeg?resize=300%2C300&amp;ssl=1 300w, https:\/\/i0.wp.com\/galeriamemoria.com\/wp-content\/uploads\/2024\/12\/WhatsApp-Image-2024-12-07-at-9.51.38-AM.jpeg?resize=1022%2C1024&amp;ssl=1 1022w, https:\/\/i0.wp.com\/galeriamemoria.com\/wp-content\/uploads\/2024\/12\/WhatsApp-Image-2024-12-07-at-9.51.38-AM.jpeg?resize=150%2C150&amp;ssl=1 150w, https:\/\/i0.wp.com\/galeriamemoria.com\/wp-content\/uploads\/2024\/12\/WhatsApp-Image-2024-12-07-at-9.51.38-AM.jpeg?resize=768%2C770&amp;ssl=1 768w, https:\/\/i0.wp.com\/galeriamemoria.com\/wp-content\/uploads\/2024\/12\/WhatsApp-Image-2024-12-07-at-9.51.38-AM.jpeg?resize=1533%2C1536&amp;ssl=1 1533w, https:\/\/i0.wp.com\/galeriamemoria.com\/wp-content\/uploads\/2024\/12\/WhatsApp-Image-2024-12-07-at-9.51.38-AM.jpeg?resize=2043%2C2048&amp;ssl=1 2043w, https:\/\/i0.wp.com\/galeriamemoria.com\/wp-content\/uploads\/2024\/12\/WhatsApp-Image-2024-12-07-at-9.51.38-AM.jpeg?resize=12%2C12&amp;ssl=1 12w, https:\/\/i0.wp.com\/galeriamemoria.com\/wp-content\/uploads\/2024\/12\/WhatsApp-Image-2024-12-07-at-9.51.38-AM.jpeg?w=3000&amp;ssl=1 3000w\" sizes=\"(max-width: 1000px) 100vw, 1000px\" \/><figcaption class=\"wp-block-jetpack-slideshow_caption gallery-caption\">Javier Silva Meinel. Nativo con m\u00e1scara (Iquitos, Per\u00fa), 2003<\/figcaption><\/figure><\/li><\/ul><a class=\"wp-block-jetpack-slideshow_button-prev swiper-button-prev swiper-button-white\" role=\"button\"><\/a><a class=\"wp-block-jetpack-slideshow_button-next swiper-button-next swiper-button-white\" role=\"button\"><\/a><a aria-label=\"Pause Slideshow\" class=\"wp-block-jetpack-slideshow_button-pause\" role=\"button\"><\/a><div class=\"wp-block-jetpack-slideshow_pagination swiper-pagination swiper-pagination-white\"><\/div><\/div><\/div>\n<\/div>\n<\/div>\n<\/div>\n\n\n\n<div class=\"wp-block-group alignfull has-global-padding is-content-justification-center is-layout-constrained wp-container-core-group-is-layout-452657ba wp-block-group-is-layout-constrained\" style=\"margin-top:0;margin-bottom:0;padding-top:calc( 0.5 * var(--wp--style--root--padding-right, var(--wp--custom--gap--horizontal)));padding-right:var(--wp--style--root--padding-right, var(--wp--custom--gap--horizontal));padding-bottom:calc( 0.5 * var(--wp--style--root--padding-right, var(--wp--custom--gap--horizontal)));padding-left:var(--wp--style--root--padding-left, var(--wp--custom--gap--horizontal))\">\n<div class=\"wp-block-columns alignwide is-layout-flex wp-container-core-columns-is-layout-ea56acbb wp-block-columns-is-layout-flex\">\n<div class=\"wp-block-column is-layout-flow wp-block-column-is-layout-flow\">\n<p class=\"has-text-align-left has-small-font-size wp-block-paragraph\"><strong>EXPOSICIONES RECIENTES<\/strong><\/p>\n\n\n\n<p class=\"has-text-align-left has-small-font-size wp-block-paragraph\"><\/p>\n<\/div>\n<\/div>\n\n\n\n<div class=\"wp-block-columns alignwide is-layout-flex wp-container-core-columns-is-layout-ea56acbb wp-block-columns-is-layout-flex\">\n<div class=\"wp-block-column is-layout-flow wp-block-column-is-layout-flow\">\n<h3 class=\"wp-block-heading has-text-align-left has-medium-font-size\"><a href=\"https:\/\/galeriamemoria.com\/es\/paro-ques%cc%88ha\/\" data-type=\"page\" data-id=\"2404\">P\u00e1ro Ques\u0308ha<\/a><\/h3>\n\n\n\n<p class=\"has-text-align-left wp-block-paragraph\">12.12.2024 &#8211; 15.02.2025<br><\/p>\n<\/div>\n<\/div>\n<\/div>","protected":false},"excerpt":{"rendered":"<p>Javier Silva Meinel Lima, Peru, 1949 Lives and works in Lima, Peru The work of Javier Silva Meinel (Lima, Peru, 1949) has focused on investigating and making visible the hidden contemporaneities that cohabit the world \u201cfrom the margins\u201d, in the face of the hegemony of the Western canon. For the past four decades, the artist [&hellip;]<\/p>\n","protected":false},"author":251800687,"featured_media":235,"parent":1,"menu_order":0,"comment_status":"closed","ping_status":"closed","template":"","meta":{"_crdt_document":"","advanced_seo_description":"","jetpack_seo_html_title":"","jetpack_seo_noindex":false,"footnotes":""},"class_list":["post-2490","page","type-page","status-publish","has-post-thumbnail","hentry"],"jetpack_likes_enabled":false,"jetpack_sharing_enabled":true,"jetpack_shortlink":"https:\/\/wp.me\/PfPCnn-Ea","jetpack-related-posts":[],"_links":{"self":[{"href":"https:\/\/galeriamemoria.com\/es\/wp-json\/wp\/v2\/pages\/2490","targetHints":{"allow":["GET"]}}],"collection":[{"href":"https:\/\/galeriamemoria.com\/es\/wp-json\/wp\/v2\/pages"}],"about":[{"href":"https:\/\/galeriamemoria.com\/es\/wp-json\/wp\/v2\/types\/page"}],"author":[{"embeddable":true,"href":"https:\/\/galeriamemoria.com\/es\/wp-json\/wp\/v2\/users\/251800687"}],"replies":[{"embeddable":true,"href":"https:\/\/galeriamemoria.com\/es\/wp-json\/wp\/v2\/comments?post=2490"}],"version-history":[{"count":7,"href":"https:\/\/galeriamemoria.com\/es\/wp-json\/wp\/v2\/pages\/2490\/revisions"}],"predecessor-version":[{"id":2614,"href":"https:\/\/galeriamemoria.com\/es\/wp-json\/wp\/v2\/pages\/2490\/revisions\/2614"}],"up":[{"embeddable":true,"href":"https:\/\/galeriamemoria.com\/es\/wp-json\/wp\/v2\/pages\/1"}],"wp:featuredmedia":[{"embeddable":true,"href":"https:\/\/galeriamemoria.com\/es\/wp-json\/wp\/v2\/media\/235"}],"wp:attachment":[{"href":"https:\/\/galeriamemoria.com\/es\/wp-json\/wp\/v2\/media?parent=2490"}],"curies":[{"name":"wp","href":"https:\/\/api.w.org\/{rel}","templated":true}]}}